{"id":494,"date":"2025-07-27T10:54:00","date_gmt":"2025-07-27T14:54:00","guid":{"rendered":"https:\/\/chaletsrefuges.com\/?page_id=494"},"modified":"2025-07-31T11:04:10","modified_gmt":"2025-07-31T15:04:10","slug":"bienvenue","status":"publish","type":"page","link":"https:\/\/leschaletsdujolimont.com\/index.php\/bienvenue\/","title":{"rendered":"Bienvenue"},"content":{"rendered":"<div class=\"wp-block-image\">\n<figure class=\"alignright size-large is-resized\"><img loading=\"lazy\" decoding=\"async\" width=\"1024\" height=\"444\" src=\"https:\/\/chaletsrefuges.com\/wp-content\/uploads\/2025\/07\/cropped-JOLECO_VECTOTAG_25-1024x444.png\" alt=\"\" class=\"wp-image-350\" style=\"width:297px;height:auto\" srcset=\"https:\/\/chaletsrefuges.com\/wp-content\/uploads\/2025\/07\/cropped-JOLECO_VECTOTAG_25-1024x444.png 1024w, https:\/\/chaletsrefuges.com\/wp-content\/uploads\/2025\/07\/cropped-JOLECO_VECTOTAG_25-300x130.png 300w, https:\/\/chaletsrefuges.com\/wp-content\/uploads\/2025\/07\/cropped-JOLECO_VECTOTAG_25-150x65.png 150w, https:\/\/chaletsrefuges.com\/wp-content\/uploads\/2025\/07\/cropped-JOLECO_VECTOTAG_25-768x333.png 768w, https:\/\/chaletsrefuges.com\/wp-content\/uploads\/2025\/07\/cropped-JOLECO_VECTOTAG_25-1536x666.png 1536w, https:\/\/chaletsrefuges.com\/wp-content\/uploads\/2025\/07\/cropped-JOLECO_VECTOTAG_25-676x293.png 676w, https:\/\/chaletsrefuges.com\/wp-content\/uploads\/2025\/07\/cropped-JOLECO_VECTOTAG_25.png 1836w\" sizes=\"auto, (max-width: 1024px) 100vw, 1024px\" \/><\/figure>\n<\/div>\n\n\n<p><strong>mail:<\/strong>&nbsp;<a href=\"mailto:info@leschaletsdujolimont.com\" target=\"_blank\" rel=\"noreferrer noopener\">info@leschaletsdujolimont.com<\/a><br><strong>cell:<\/strong>&nbsp;450 883-2537<\/p>\n\n\n\n<p class=\"has-text-align-left\"><a href=\"https:\/\/chaletsrefuges.com\/wp-content\/uploads\/2025\/07\/JOLIM_ECOG_DEPLIANT.pdf\">D\u00c9PLIANT AU FORMAT PDF<\/a><\/p>\n\n\n\n<p><strong>LES CHALETS DU JOLIMONT<\/strong><br>Sainte-B\u00e9atrix au 400 rang Jolimont <br>(500 m\u00e8tres de \u00e9cog\u00eetes)<\/p>\n\n\n\n<p><strong>\u00c9COGITES LANAUDI\u00c8RE<\/strong><br>Sainte-B\u00e9atrix au 427 chemin Alfred-Hazel <br>(500 m\u00e8tres de Jolimont)<\/p>\n\n\n\n<div class=\"wp-block-gmap-gmap-block gmap-block-k6h1wvwy\"><iframe src=\"https:\/\/maps.google.com\/maps?q=400+rang+jolimont&amp;z=15&amp;t=roadmap&amp;output=embed\" class=\"embd-map\" title=\"400 rang jolimont\"><\/iframe><\/div>\n\n\n\n<p>1hr de Montr\u00e9al<br>500 m\u00e8tres entre Jolimont et \u00c9cogites<br>suivre autoroute 40<br>prendre la sortie 122 vers autoroute 31 N direction Joliette<br>continuer de suivre QC-343 N (voie de contournement)<br>tourner \u00e0 droite sur chemin Sainte-B\u00e9atrix<br>tourner \u00e0 droite sur rang St-Joseph<br>puis \u00e0 droite sur rang Jolimont<br>400 rang Jolimont \/ 427 rue Alfred-Hazel<br>Vous y \u00eates \/ INFO : 450.883.2537<\/p>\n\n\n\n<figure class=\"wp-block-image size-large\"><a href=\"https:\/\/chaletsrefuges.com\/wp-content\/uploads\/2025\/07\/CARTE_MONTAGNEDEPLAISIR-scaled.jpg\"><img loading=\"lazy\" decoding=\"async\" width=\"1024\" height=\"791\" src=\"https:\/\/chaletsrefuges.com\/wp-content\/uploads\/2025\/07\/CARTE_MONTAGNEDEPLAISIR-1024x791.jpg\" alt=\"\" class=\"wp-image-573\" srcset=\"https:\/\/chaletsrefuges.com\/wp-content\/uploads\/2025\/07\/CARTE_MONTAGNEDEPLAISIR-1024x791.jpg 1024w, https:\/\/chaletsrefuges.com\/wp-content\/uploads\/2025\/07\/CARTE_MONTAGNEDEPLAISIR-300x232.jpg 300w, https:\/\/chaletsrefuges.com\/wp-content\/uploads\/2025\/07\/CARTE_MONTAGNEDEPLAISIR-150x116.jpg 150w, https:\/\/chaletsrefuges.com\/wp-content\/uploads\/2025\/07\/CARTE_MONTAGNEDEPLAISIR-768x593.jpg 768w, https:\/\/chaletsrefuges.com\/wp-content\/uploads\/2025\/07\/CARTE_MONTAGNEDEPLAISIR-1536x1187.jpg 1536w, https:\/\/chaletsrefuges.com\/wp-content\/uploads\/2025\/07\/CARTE_MONTAGNEDEPLAISIR-2048x1583.jpg 2048w, https:\/\/chaletsrefuges.com\/wp-content\/uploads\/2025\/07\/CARTE_MONTAGNEDEPLAISIR-676x522.jpg 676w\" sizes=\"auto, (max-width: 1024px) 100vw, 1024px\" \/><\/a><\/figure>\n\n\n\n<figure class=\"wp-block-image size-large\"><img loading=\"lazy\" decoding=\"async\" width=\"1024\" height=\"102\" src=\"https:\/\/chaletsrefuges.com\/wp-content\/uploads\/2025\/07\/TAGLICENCE-1024x102.jpg\" alt=\"\" class=\"wp-image-598\" srcset=\"https:\/\/chaletsrefuges.com\/wp-content\/uploads\/2025\/07\/TAGLICENCE-1024x102.jpg 1024w, https:\/\/chaletsrefuges.com\/wp-content\/uploads\/2025\/07\/TAGLICENCE-300x30.jpg 300w, https:\/\/chaletsrefuges.com\/wp-content\/uploads\/2025\/07\/TAGLICENCE-150x15.jpg 150w, https:\/\/chaletsrefuges.com\/wp-content\/uploads\/2025\/07\/TAGLICENCE-768x77.jpg 768w, https:\/\/chaletsrefuges.com\/wp-content\/uploads\/2025\/07\/TAGLICENCE-1536x154.jpg 1536w, https:\/\/chaletsrefuges.com\/wp-content\/uploads\/2025\/07\/TAGLICENCE-676x68.jpg 676w, https:\/\/chaletsrefuges.com\/wp-content\/uploads\/2025\/07\/TAGLICENCE.jpg 2000w\" sizes=\"auto, (max-width: 1024px) 100vw, 1024px\" \/><\/figure>\n","protected":false},"excerpt":{"rendered":"<p>mail:&nbsp;info@leschaletsdujolimont.comcell:&nbsp;450 883-2537 D\u00c9PLIANT AU FORMAT PDF LES CHALETS DU JOLIMONTSainte-B\u00e9atrix au 400 rang Jolimont (500 m\u00e8tres de \u00e9cog\u00eetes) \u00c9COGITES LANAUDI\u00c8RESainte-B\u00e9atrix au 427 chemin Alfred-Hazel (500 m\u00e8tres de Jolimont) 1hr de Montr\u00e9al500 m\u00e8tres entre Jolimont et \u00c9cogitessuivre autoroute 40prendre la sortie 122 vers autoroute 31 N direction Joliettecontinuer de suivre QC-343 N (voie de contournement)tourner \u00e0 [&hellip;]<\/p>\n","protected":false},"author":1,"featured_media":0,"parent":0,"menu_order":0,"comment_status":"closed","ping_status":"closed","template":"template-fullwidth.php","meta":{"footnotes":""},"class_list":["post-494","page","type-page","status-publish","hentry","post-preview"],"_links":{"self":[{"href":"https:\/\/leschaletsdujolimont.com\/index.php\/wp-json\/wp\/v2\/pages\/494","targetHints":{"allow":["GET"]}}],"collection":[{"href":"https:\/\/leschaletsdujolimont.com\/index.php\/wp-json\/wp\/v2\/pages"}],"about":[{"href":"https:\/\/leschaletsdujolimont.com\/index.php\/wp-json\/wp\/v2\/types\/page"}],"author":[{"embeddable":true,"href":"https:\/\/leschaletsdujolimont.com\/index.php\/wp-json\/wp\/v2\/users\/1"}],"replies":[{"embeddable":true,"href":"https:\/\/leschaletsdujolimont.com\/index.php\/wp-json\/wp\/v2\/comments?post=494"}],"version-history":[{"count":5,"href":"https:\/\/leschaletsdujolimont.com\/index.php\/wp-json\/wp\/v2\/pages\/494\/revisions"}],"predecessor-version":[{"id":611,"href":"https:\/\/leschaletsdujolimont.com\/index.php\/wp-json\/wp\/v2\/pages\/494\/revisions\/611"}],"wp:attachment":[{"href":"https:\/\/leschaletsdujolimont.com\/index.php\/wp-json\/wp\/v2\/media?parent=494"}],"curies":[{"name":"wp","href":"https:\/\/api.w.org\/{rel}","templated":true}]}}