{"id":497,"date":"2025-07-27T10:56:15","date_gmt":"2025-07-27T14:56:15","guid":{"rendered":"https:\/\/chaletsrefuges.com\/?page_id=497"},"modified":"2025-11-08T16:59:16","modified_gmt":"2025-11-08T20:59:16","slug":"le-grand-chene","status":"publish","type":"page","link":"https:\/\/leschaletsdujolimont.com\/index.php\/le-grand-chene\/","title":{"rendered":"le grand ch\u00eane (hobbit)"},"content":{"rendered":"\n<h2 class=\"wp-block-heading\" id=\"block-07ecb463-23db-490b-8490-e35acb2be0b8\"><strong><a href=\"https:\/\/reservotron.com\/les-chalets-du-jolimont\/lodgings\/3756\">R\u00c9SERVEZ LE GRAND CH\u00caNE (hobbit)<\/a><\/strong><\/h2>\n\n\n\n<figure class=\"wp-block-image size-large\"><img loading=\"lazy\" decoding=\"async\" width=\"1024\" height=\"576\" src=\"https:\/\/chaletsrefuges.com\/wp-content\/uploads\/2025\/07\/2022-12-25-11.55.41-1024x576.jpg\" alt=\"\" class=\"wp-image-156\" srcset=\"https:\/\/chaletsrefuges.com\/wp-content\/uploads\/2025\/07\/2022-12-25-11.55.41-1024x576.jpg 1024w, https:\/\/chaletsrefuges.com\/wp-content\/uploads\/2025\/07\/2022-12-25-11.55.41-300x169.jpg 300w, https:\/\/chaletsrefuges.com\/wp-content\/uploads\/2025\/07\/2022-12-25-11.55.41-150x84.jpg 150w, https:\/\/chaletsrefuges.com\/wp-content\/uploads\/2025\/07\/2022-12-25-11.55.41-768x432.jpg 768w, https:\/\/chaletsrefuges.com\/wp-content\/uploads\/2025\/07\/2022-12-25-11.55.41-1536x864.jpg 1536w, https:\/\/chaletsrefuges.com\/wp-content\/uploads\/2025\/07\/2022-12-25-11.55.41-676x380.jpg 676w, https:\/\/chaletsrefuges.com\/wp-content\/uploads\/2025\/07\/2022-12-25-11.55.41.jpg 2000w\" sizes=\"auto, (max-width: 1024px) 100vw, 1024px\" \/><\/figure>\n\n\n\n<figure class=\"wp-block-gallery has-nested-images columns-default is-cropped wp-block-gallery-1 is-layout-flex wp-block-gallery-is-layout-flex\"><\/figure>\n\n\n\n<figure class=\"wp-block-gallery has-nested-images columns-default is-cropped wp-block-gallery-2 is-layout-flex wp-block-gallery-is-layout-flex\">\n<figure class=\"wp-block-image size-large\"><img loading=\"lazy\" decoding=\"async\" width=\"1024\" height=\"461\" data-id=\"155\" src=\"https:\/\/chaletsrefuges.com\/wp-content\/uploads\/2025\/07\/2022-01-31-11.47.38-1024x461.jpg\" alt=\"\" class=\"wp-image-155\" srcset=\"https:\/\/chaletsrefuges.com\/wp-content\/uploads\/2025\/07\/2022-01-31-11.47.38-1024x461.jpg 1024w, https:\/\/chaletsrefuges.com\/wp-content\/uploads\/2025\/07\/2022-01-31-11.47.38-300x135.jpg 300w, https:\/\/chaletsrefuges.com\/wp-content\/uploads\/2025\/07\/2022-01-31-11.47.38-150x68.jpg 150w, https:\/\/chaletsrefuges.com\/wp-content\/uploads\/2025\/07\/2022-01-31-11.47.38-768x346.jpg 768w, https:\/\/chaletsrefuges.com\/wp-content\/uploads\/2025\/07\/2022-01-31-11.47.38-1536x691.jpg 1536w, https:\/\/chaletsrefuges.com\/wp-content\/uploads\/2025\/07\/2022-01-31-11.47.38-676x304.jpg 676w, https:\/\/chaletsrefuges.com\/wp-content\/uploads\/2025\/07\/2022-01-31-11.47.38.jpg 2000w\" sizes=\"auto, (max-width: 1024px) 100vw, 1024px\" \/><\/figure>\n\n\n\n<figure class=\"wp-block-image size-large\"><img loading=\"lazy\" decoding=\"async\" width=\"1024\" height=\"461\" data-id=\"157\" src=\"https:\/\/chaletsrefuges.com\/wp-content\/uploads\/2025\/07\/2022-01-31-11.59.22-1024x461.jpg\" alt=\"\" class=\"wp-image-157\" srcset=\"https:\/\/chaletsrefuges.com\/wp-content\/uploads\/2025\/07\/2022-01-31-11.59.22-1024x461.jpg 1024w, https:\/\/chaletsrefuges.com\/wp-content\/uploads\/2025\/07\/2022-01-31-11.59.22-300x135.jpg 300w, https:\/\/chaletsrefuges.com\/wp-content\/uploads\/2025\/07\/2022-01-31-11.59.22-150x68.jpg 150w, https:\/\/chaletsrefuges.com\/wp-content\/uploads\/2025\/07\/2022-01-31-11.59.22-768x346.jpg 768w, https:\/\/chaletsrefuges.com\/wp-content\/uploads\/2025\/07\/2022-01-31-11.59.22-1536x691.jpg 1536w, https:\/\/chaletsrefuges.com\/wp-content\/uploads\/2025\/07\/2022-01-31-11.59.22-676x304.jpg 676w, https:\/\/chaletsrefuges.com\/wp-content\/uploads\/2025\/07\/2022-01-31-11.59.22.jpg 2000w\" sizes=\"auto, (max-width: 1024px) 100vw, 1024px\" \/><\/figure>\n<\/figure>\n\n\n\n<figure class=\"wp-block-image size-large\"><img loading=\"lazy\" decoding=\"async\" width=\"1024\" height=\"576\" src=\"https:\/\/chaletsrefuges.com\/wp-content\/uploads\/2025\/07\/2022-06-28-12.27.46-1024x576.jpg\" alt=\"\" class=\"wp-image-158\" srcset=\"https:\/\/chaletsrefuges.com\/wp-content\/uploads\/2025\/07\/2022-06-28-12.27.46-1024x576.jpg 1024w, https:\/\/chaletsrefuges.com\/wp-content\/uploads\/2025\/07\/2022-06-28-12.27.46-300x169.jpg 300w, https:\/\/chaletsrefuges.com\/wp-content\/uploads\/2025\/07\/2022-06-28-12.27.46-150x84.jpg 150w, https:\/\/chaletsrefuges.com\/wp-content\/uploads\/2025\/07\/2022-06-28-12.27.46-768x432.jpg 768w, https:\/\/chaletsrefuges.com\/wp-content\/uploads\/2025\/07\/2022-06-28-12.27.46-1536x864.jpg 1536w, https:\/\/chaletsrefuges.com\/wp-content\/uploads\/2025\/07\/2022-06-28-12.27.46-676x380.jpg 676w, https:\/\/chaletsrefuges.com\/wp-content\/uploads\/2025\/07\/2022-06-28-12.27.46.jpg 2000w\" sizes=\"auto, (max-width: 1024px) 100vw, 1024px\" \/><\/figure>\n\n\n\n<figure class=\"wp-block-gallery has-nested-images columns-default is-cropped wp-block-gallery-3 is-layout-flex wp-block-gallery-is-layout-flex\">\n<figure class=\"wp-block-image\" id=\"block-3f625c91-c1b9-4fa6-9437-24397e9a6d9f\"><img decoding=\"async\" src=\"https:\/\/chaletsrefuges.com\/wp-content\/uploads\/2025\/07\/2022-06-28-12.25.40-1024x576.jpg\" alt=\"L\u2019attribut alt de cette image est vide, son nom de fichier est 2022-06-28-12.25.40-1024x576.jpg.\"\/><\/figure>\n\n\n\n<figure class=\"wp-block-image size-large\"><img loading=\"lazy\" decoding=\"async\" width=\"1024\" height=\"576\" data-id=\"159\" src=\"https:\/\/chaletsrefuges.com\/wp-content\/uploads\/2025\/07\/2022-06-28-12.26.40-1024x576.jpg\" alt=\"\" class=\"wp-image-159\" srcset=\"https:\/\/chaletsrefuges.com\/wp-content\/uploads\/2025\/07\/2022-06-28-12.26.40-1024x576.jpg 1024w, https:\/\/chaletsrefuges.com\/wp-content\/uploads\/2025\/07\/2022-06-28-12.26.40-300x169.jpg 300w, https:\/\/chaletsrefuges.com\/wp-content\/uploads\/2025\/07\/2022-06-28-12.26.40-150x84.jpg 150w, https:\/\/chaletsrefuges.com\/wp-content\/uploads\/2025\/07\/2022-06-28-12.26.40-768x432.jpg 768w, https:\/\/chaletsrefuges.com\/wp-content\/uploads\/2025\/07\/2022-06-28-12.26.40-1536x864.jpg 1536w, https:\/\/chaletsrefuges.com\/wp-content\/uploads\/2025\/07\/2022-06-28-12.26.40-676x380.jpg 676w, https:\/\/chaletsrefuges.com\/wp-content\/uploads\/2025\/07\/2022-06-28-12.26.40.jpg 2000w\" sizes=\"auto, (max-width: 1024px) 100vw, 1024px\" \/><\/figure>\n<\/figure>\n\n\n\n<figure class=\"wp-block-gallery has-nested-images columns-default is-cropped wp-block-gallery-4 is-layout-flex wp-block-gallery-is-layout-flex\">\n<figure class=\"wp-block-image\" id=\"block-572061d0-62bc-4fcb-9d2d-f68a61031e93\"><img decoding=\"async\" src=\"https:\/\/chaletsrefuges.com\/wp-content\/uploads\/2025\/07\/2022-01-31-11.31.54-1024x461.jpg\" alt=\"L\u2019attribut alt de cette image est vide, son nom de fichier est 2022-01-31-11.31.54-1024x461.jpg.\"\/><\/figure>\n<\/figure>\n\n\n\n<p id=\"block-05ce1f97-af6a-418d-9485-195123b0e3c3\"><strong>LE GRAND CH\u00caNE (hobbit)<br>Chalet refuge (sans \u00e9lectricit\u00e9)<br>Situ\u00e9 sur le site des chalets du Jolimont (400 rang Jolimont)<\/strong><\/p>\n\n\n\n<p id=\"block-bbaeaeae-0aa9-4bb0-a47c-8a215fff4f6c\">\u2022 Sans \u00e9lectricit\u00e9 ni eau courante<br>\u2022 Po\u00eale \u00e0 combustion lente (bois fourni)<br>\u2022 Distributeur d\u2019eau potable (eau locale fournie)<br>\u2022 1 chambre avec un lit double \u00e0 l\u2019\u00e9tage<br>\u2022 1 futon au salon<br>\u2022 Toilette s\u00e8che ext\u00e9rieure<br>\u2022 Cuisine \u00e9quip\u00e9e (bouilloire, chaudrons, vaisselles, ustensiles, linges \u00e0 vaisselle)<br>\u2022 Douche accessible sur le bord du lac (l&rsquo;\u00e9t\u00e9)<br>\u2022 Barbecue, table et espace \u00e0 feu \u00e0 (suppl\u00e9ment de 20$ pour les feux en hiver)<\/p>\n\n\n\n<p id=\"block-fb0bf559-ffe4-4793-ac48-f74bf5af251c\">\u00c0 environ 20 minutes de marche du stationnement, venez vivre une exp\u00e9rience hors du commun au Grand Ch\u00eane, appel\u00e9 aussi l&rsquo;Hobbit avec son toit v\u00e9g\u00e9tal et son plancher \u00e0 m\u00eame le cap de roche.&nbsp;Sa fa\u00e7ade vitr\u00e9e y conf\u00e8re une excellente luminosit\u00e9.&nbsp;L&rsquo;endroit id\u00e9al pour un s\u00e9jour en amoureux, ou en solitaire en qu\u00eate d&rsquo;inspiration.&nbsp;Le chalet offre tout le confort n\u00e9cessaire pour 2 personnes.<\/p>\n\n\n\n<p id=\"block-42ad76d5-c730-4adc-9ff7-dfeaace107e1\"><strong>Check-in : entre 13 h et 22 h \/ Check-out : 11 h<\/strong><\/p>\n\n\n\n<h2 class=\"wp-block-heading\" id=\"block-b7da591d-0b5b-4a95-8cfe-eb47bfde44cb\"><strong><a href=\"https:\/\/reservotron.com\/les-chalets-du-jolimont\/lodgings\/3756\">R\u00c9SERVEZ LE GRAND CH\u00caNE<\/a><\/strong><\/h2>\n\n\n<div class=\"r34ics-ajax-container loading\" id=\"r69e02ff2ee9f1f2\" data-view=\"month\" data-view-is-list-style=\"0\" data-view-is-list-long=\"0\" data-args=\"1831ab85d82657ec500abcf82fc10505045e6155\" data-js-args=\"{&quot;debug&quot;:null}\">&nbsp;<\/div>\n\n\n\n<h2 class=\"wp-block-heading\" id=\"block-285c4d34-c2eb-4eed-b1e5-7215e6330e81\"><strong><a href=\"https:\/\/reservotron.com\/les-chalets-du-jolimont\/lodgings\/3756\">R\u00c9SERVEZ LE GRAND CH\u00caNE<\/a><\/strong><\/h2>\n\n\n\n<p><\/p>\n","protected":false},"excerpt":{"rendered":"<p>R\u00c9SERVEZ LE GRAND CH\u00caNE (hobbit) LE GRAND CH\u00caNE (hobbit)Chalet refuge (sans \u00e9lectricit\u00e9)Situ\u00e9 sur le site des chalets du Jolimont (400 rang Jolimont) \u2022 Sans \u00e9lectricit\u00e9 ni eau courante\u2022 Po\u00eale \u00e0 combustion lente (bois fourni)\u2022 Distributeur d\u2019eau potable (eau locale fournie)\u2022 1 chambre avec un lit double \u00e0 l\u2019\u00e9tage\u2022 1 futon au salon\u2022 Toilette s\u00e8che ext\u00e9rieure\u2022 [&hellip;]<\/p>\n","protected":false},"author":1,"featured_media":0,"parent":0,"menu_order":0,"comment_status":"closed","ping_status":"closed","template":"template-fullwidth.php","meta":{"footnotes":""},"class_list":["post-497","page","type-page","status-publish","hentry","post-preview"],"_links":{"self":[{"href":"https:\/\/leschaletsdujolimont.com\/index.php\/wp-json\/wp\/v2\/pages\/497","targetHints":{"allow":["GET"]}}],"collection":[{"href":"https:\/\/leschaletsdujolimont.com\/index.php\/wp-json\/wp\/v2\/pages"}],"about":[{"href":"https:\/\/leschaletsdujolimont.com\/index.php\/wp-json\/wp\/v2\/types\/page"}],"author":[{"embeddable":true,"href":"https:\/\/leschaletsdujolimont.com\/index.php\/wp-json\/wp\/v2\/users\/1"}],"replies":[{"embeddable":true,"href":"https:\/\/leschaletsdujolimont.com\/index.php\/wp-json\/wp\/v2\/comments?post=497"}],"version-history":[{"count":6,"href":"https:\/\/leschaletsdujolimont.com\/index.php\/wp-json\/wp\/v2\/pages\/497\/revisions"}],"predecessor-version":[{"id":654,"href":"https:\/\/leschaletsdujolimont.com\/index.php\/wp-json\/wp\/v2\/pages\/497\/revisions\/654"}],"wp:attachment":[{"href":"https:\/\/leschaletsdujolimont.com\/index.php\/wp-json\/wp\/v2\/media?parent=497"}],"curies":[{"name":"wp","href":"https:\/\/api.w.org\/{rel}","templated":true}]}}