{"id":506,"date":"2025-07-27T10:59:44","date_gmt":"2025-07-27T14:59:44","guid":{"rendered":"https:\/\/chaletsrefuges.com\/?page_id=506"},"modified":"2025-07-27T11:06:52","modified_gmt":"2025-07-27T15:06:52","slug":"le-boreal","status":"publish","type":"page","link":"https:\/\/leschaletsdujolimont.com\/index.php\/le-boreal\/","title":{"rendered":"le bor\u00e9al"},"content":{"rendered":"\n<h2 class=\"wp-block-heading has-text-align-center\"><strong><a href=\"https:\/\/reservotron.com\/les-chalets-du-jolimont\/lodgings\/3780\">R\u00c9SERVEZ LE BOR\u00c9AL<\/a><\/strong><\/h2>\n\n\n\n<figure class=\"wp-block-image size-large\"><img loading=\"lazy\" decoding=\"async\" width=\"1024\" height=\"682\" src=\"https:\/\/chaletsrefuges.com\/wp-content\/uploads\/2025\/07\/Chalets-du-jolimont-Juin-2022-9-1024x682.jpg\" alt=\"\" class=\"wp-image-223\" srcset=\"https:\/\/chaletsrefuges.com\/wp-content\/uploads\/2025\/07\/Chalets-du-jolimont-Juin-2022-9-1024x682.jpg 1024w, https:\/\/chaletsrefuges.com\/wp-content\/uploads\/2025\/07\/Chalets-du-jolimont-Juin-2022-9-300x200.jpg 300w, https:\/\/chaletsrefuges.com\/wp-content\/uploads\/2025\/07\/Chalets-du-jolimont-Juin-2022-9-150x100.jpg 150w, https:\/\/chaletsrefuges.com\/wp-content\/uploads\/2025\/07\/Chalets-du-jolimont-Juin-2022-9-768x512.jpg 768w, https:\/\/chaletsrefuges.com\/wp-content\/uploads\/2025\/07\/Chalets-du-jolimont-Juin-2022-9-1536x1024.jpg 1536w, https:\/\/chaletsrefuges.com\/wp-content\/uploads\/2025\/07\/Chalets-du-jolimont-Juin-2022-9-676x451.jpg 676w, https:\/\/chaletsrefuges.com\/wp-content\/uploads\/2025\/07\/Chalets-du-jolimont-Juin-2022-9.jpg 2000w\" sizes=\"auto, (max-width: 1024px) 100vw, 1024px\" \/><\/figure>\n\n\n\n<figure class=\"wp-block-gallery has-nested-images columns-default is-cropped wp-block-gallery-1 is-layout-flex wp-block-gallery-is-layout-flex\">\n<figure class=\"wp-block-image size-large\"><img loading=\"lazy\" decoding=\"async\" width=\"1024\" height=\"461\" data-id=\"217\" src=\"https:\/\/chaletsrefuges.com\/wp-content\/uploads\/2025\/07\/2021-10-03-13.54.33-1024x461.jpg\" alt=\"\" class=\"wp-image-217\" srcset=\"https:\/\/chaletsrefuges.com\/wp-content\/uploads\/2025\/07\/2021-10-03-13.54.33-1024x461.jpg 1024w, https:\/\/chaletsrefuges.com\/wp-content\/uploads\/2025\/07\/2021-10-03-13.54.33-300x135.jpg 300w, https:\/\/chaletsrefuges.com\/wp-content\/uploads\/2025\/07\/2021-10-03-13.54.33-150x68.jpg 150w, https:\/\/chaletsrefuges.com\/wp-content\/uploads\/2025\/07\/2021-10-03-13.54.33-768x346.jpg 768w, https:\/\/chaletsrefuges.com\/wp-content\/uploads\/2025\/07\/2021-10-03-13.54.33-1536x691.jpg 1536w, https:\/\/chaletsrefuges.com\/wp-content\/uploads\/2025\/07\/2021-10-03-13.54.33-676x304.jpg 676w, https:\/\/chaletsrefuges.com\/wp-content\/uploads\/2025\/07\/2021-10-03-13.54.33.jpg 2000w\" sizes=\"auto, (max-width: 1024px) 100vw, 1024px\" \/><\/figure>\n\n\n\n<figure class=\"wp-block-image size-large\"><img loading=\"lazy\" decoding=\"async\" width=\"1024\" height=\"461\" data-id=\"221\" src=\"https:\/\/chaletsrefuges.com\/wp-content\/uploads\/2025\/07\/2022-02-17-12.07.59-1024x461.jpg\" alt=\"\" class=\"wp-image-221\" srcset=\"https:\/\/chaletsrefuges.com\/wp-content\/uploads\/2025\/07\/2022-02-17-12.07.59-1024x461.jpg 1024w, https:\/\/chaletsrefuges.com\/wp-content\/uploads\/2025\/07\/2022-02-17-12.07.59-300x135.jpg 300w, https:\/\/chaletsrefuges.com\/wp-content\/uploads\/2025\/07\/2022-02-17-12.07.59-150x68.jpg 150w, https:\/\/chaletsrefuges.com\/wp-content\/uploads\/2025\/07\/2022-02-17-12.07.59-768x346.jpg 768w, https:\/\/chaletsrefuges.com\/wp-content\/uploads\/2025\/07\/2022-02-17-12.07.59-1536x691.jpg 1536w, https:\/\/chaletsrefuges.com\/wp-content\/uploads\/2025\/07\/2022-02-17-12.07.59-676x304.jpg 676w, https:\/\/chaletsrefuges.com\/wp-content\/uploads\/2025\/07\/2022-02-17-12.07.59.jpg 2000w\" sizes=\"auto, (max-width: 1024px) 100vw, 1024px\" \/><\/figure>\n\n\n\n<figure class=\"wp-block-image size-large\"><img loading=\"lazy\" decoding=\"async\" width=\"1024\" height=\"575\" data-id=\"219\" src=\"https:\/\/chaletsrefuges.com\/wp-content\/uploads\/2025\/07\/DSC00320-1024x575.jpg\" alt=\"\" class=\"wp-image-219\" srcset=\"https:\/\/chaletsrefuges.com\/wp-content\/uploads\/2025\/07\/DSC00320-1024x575.jpg 1024w, https:\/\/chaletsrefuges.com\/wp-content\/uploads\/2025\/07\/DSC00320-300x169.jpg 300w, https:\/\/chaletsrefuges.com\/wp-content\/uploads\/2025\/07\/DSC00320-150x84.jpg 150w, https:\/\/chaletsrefuges.com\/wp-content\/uploads\/2025\/07\/DSC00320-768x432.jpg 768w, https:\/\/chaletsrefuges.com\/wp-content\/uploads\/2025\/07\/DSC00320-1536x863.jpg 1536w, https:\/\/chaletsrefuges.com\/wp-content\/uploads\/2025\/07\/DSC00320-676x380.jpg 676w, https:\/\/chaletsrefuges.com\/wp-content\/uploads\/2025\/07\/DSC00320.jpg 2000w\" sizes=\"auto, (max-width: 1024px) 100vw, 1024px\" \/><\/figure>\n\n\n\n<figure class=\"wp-block-image size-large\"><img loading=\"lazy\" decoding=\"async\" width=\"1024\" height=\"575\" data-id=\"222\" src=\"https:\/\/chaletsrefuges.com\/wp-content\/uploads\/2025\/07\/DSC00316-1024x575.jpg\" alt=\"\" class=\"wp-image-222\" srcset=\"https:\/\/chaletsrefuges.com\/wp-content\/uploads\/2025\/07\/DSC00316-1024x575.jpg 1024w, https:\/\/chaletsrefuges.com\/wp-content\/uploads\/2025\/07\/DSC00316-300x169.jpg 300w, https:\/\/chaletsrefuges.com\/wp-content\/uploads\/2025\/07\/DSC00316-150x84.jpg 150w, https:\/\/chaletsrefuges.com\/wp-content\/uploads\/2025\/07\/DSC00316-768x432.jpg 768w, https:\/\/chaletsrefuges.com\/wp-content\/uploads\/2025\/07\/DSC00316-1536x863.jpg 1536w, https:\/\/chaletsrefuges.com\/wp-content\/uploads\/2025\/07\/DSC00316-676x380.jpg 676w, https:\/\/chaletsrefuges.com\/wp-content\/uploads\/2025\/07\/DSC00316.jpg 2000w\" sizes=\"auto, (max-width: 1024px) 100vw, 1024px\" \/><\/figure>\n\n\n\n<figure class=\"wp-block-image size-large\"><img loading=\"lazy\" decoding=\"async\" width=\"1024\" height=\"461\" data-id=\"220\" src=\"https:\/\/chaletsrefuges.com\/wp-content\/uploads\/2025\/07\/2022-01-09-15.07.39-1024x461.jpg\" alt=\"\" class=\"wp-image-220\" srcset=\"https:\/\/chaletsrefuges.com\/wp-content\/uploads\/2025\/07\/2022-01-09-15.07.39-1024x461.jpg 1024w, https:\/\/chaletsrefuges.com\/wp-content\/uploads\/2025\/07\/2022-01-09-15.07.39-300x135.jpg 300w, https:\/\/chaletsrefuges.com\/wp-content\/uploads\/2025\/07\/2022-01-09-15.07.39-150x68.jpg 150w, https:\/\/chaletsrefuges.com\/wp-content\/uploads\/2025\/07\/2022-01-09-15.07.39-768x346.jpg 768w, https:\/\/chaletsrefuges.com\/wp-content\/uploads\/2025\/07\/2022-01-09-15.07.39-1536x691.jpg 1536w, https:\/\/chaletsrefuges.com\/wp-content\/uploads\/2025\/07\/2022-01-09-15.07.39-676x304.jpg 676w, https:\/\/chaletsrefuges.com\/wp-content\/uploads\/2025\/07\/2022-01-09-15.07.39.jpg 2000w\" sizes=\"auto, (max-width: 1024px) 100vw, 1024px\" \/><\/figure>\n<\/figure>\n\n\n\n<figure class=\"wp-block-image size-large\"><img loading=\"lazy\" decoding=\"async\" width=\"1024\" height=\"461\" src=\"https:\/\/chaletsrefuges.com\/wp-content\/uploads\/2025\/07\/2022-02-17-11.53.03-1024x461.jpg\" alt=\"\" class=\"wp-image-218\" srcset=\"https:\/\/chaletsrefuges.com\/wp-content\/uploads\/2025\/07\/2022-02-17-11.53.03-1024x461.jpg 1024w, https:\/\/chaletsrefuges.com\/wp-content\/uploads\/2025\/07\/2022-02-17-11.53.03-300x135.jpg 300w, https:\/\/chaletsrefuges.com\/wp-content\/uploads\/2025\/07\/2022-02-17-11.53.03-150x68.jpg 150w, https:\/\/chaletsrefuges.com\/wp-content\/uploads\/2025\/07\/2022-02-17-11.53.03-768x346.jpg 768w, https:\/\/chaletsrefuges.com\/wp-content\/uploads\/2025\/07\/2022-02-17-11.53.03-1536x691.jpg 1536w, https:\/\/chaletsrefuges.com\/wp-content\/uploads\/2025\/07\/2022-02-17-11.53.03-676x304.jpg 676w, https:\/\/chaletsrefuges.com\/wp-content\/uploads\/2025\/07\/2022-02-17-11.53.03.jpg 2000w\" sizes=\"auto, (max-width: 1024px) 100vw, 1024px\" \/><\/figure>\n\n\n\n<p><strong>LE BOR\u00c9AL<br>Chalet refuge (sans \u00e9lectricit\u00e9)<br>Situ\u00e9 sur le site des chalets du Jolimont (400 rang Jolimont)<\/strong><\/p>\n\n\n\n<p>\u2022 Sans \u00e9lectricit\u00e9 ni eau courante<br>\u2022 Po\u00eale \u00e0 combustion lente (bois fourni)<br>\u2022 Distributeur d\u2019eau potable (eau locale fournie)<br>\u2022 1 chambre avec un lit double \u00e0 l\u2019\u00e9tage<br>\u2022 1 futon au salon<br>\u2022 Toilette s\u00e8che ext\u00e9rieure<br>\u2022 Cuisine \u00e9quip\u00e9e (bouilloire, chaudrons, vaisselles, ustensiles, linges \u00e0 vaisselle)<br>\u2022 Douche accessible sur le bord du lac (l&rsquo;\u00e9t\u00e9)<br>\u2022 Barbecue, table et espace \u00e0 feu \u00e0 (suppl\u00e9ment de 20$ pour les feux en hiver)<\/p>\n\n\n\n<p>\u00c0 moins de 15 minutes de marche du stationnement, d\u00e9couvrez ce chalet-refuge de type A-frame.&nbsp;Le Bor\u00e9al est un chalet lumineux et chaleureux o\u00f9 vous passerez des instants m\u00e9morables autour de la table en bois massif, sur le bord du foyer ou autour de l espace \u00e0 feu ext\u00e9rieur. Le chalet offre tout le confort n\u00e9cessaire pour 4 personnes.<\/p>\n\n\n\n<p><strong>Check-in : entre 13 h et 22 h \/ Check-out : 11 h<\/strong><\/p>\n\n\n\n<h2 class=\"wp-block-heading has-text-align-center\"><strong><a href=\"https:\/\/reservotron.com\/les-chalets-du-jolimont\/lodgings\/3780\">R\u00c9SERVEZ LE BOR\u00c9AL<\/a><\/strong><\/h2>\n\n\n<div class=\"r34ics-ajax-container loading\" id=\"r69e10f2fcabb05a\" data-view=\"month\" data-view-is-list-style=\"0\" data-view-is-list-long=\"0\" data-args=\"158a2e5e8082ac5a573d99951dea2292d8d49074\" data-js-args=\"{&quot;debug&quot;:null}\">&nbsp;<\/div>\n\n\n\n<h2 class=\"wp-block-heading has-text-align-center\"><strong><a href=\"https:\/\/reservotron.com\/les-chalets-du-jolimont\/lodgings\/3780\">R\u00c9SERVEZ LE BOR\u00c9AL<\/a><\/strong><\/h2>\n","protected":false},"excerpt":{"rendered":"<p>R\u00c9SERVEZ LE BOR\u00c9AL LE BOR\u00c9ALChalet refuge (sans \u00e9lectricit\u00e9)Situ\u00e9 sur le site des chalets du Jolimont (400 rang Jolimont) \u2022 Sans \u00e9lectricit\u00e9 ni eau courante\u2022 Po\u00eale \u00e0 combustion lente (bois fourni)\u2022 Distributeur d\u2019eau potable (eau locale fournie)\u2022 1 chambre avec un lit double \u00e0 l\u2019\u00e9tage\u2022 1 futon au salon\u2022 Toilette s\u00e8che ext\u00e9rieure\u2022 Cuisine \u00e9quip\u00e9e (bouilloire, chaudrons, [&hellip;]<\/p>\n","protected":false},"author":1,"featured_media":0,"parent":0,"menu_order":0,"comment_status":"closed","ping_status":"closed","template":"template-fullwidth.php","meta":{"footnotes":""},"class_list":["post-506","page","type-page","status-publish","hentry","post-preview"],"_links":{"self":[{"href":"https:\/\/leschaletsdujolimont.com\/index.php\/wp-json\/wp\/v2\/pages\/506","targetHints":{"allow":["GET"]}}],"collection":[{"href":"https:\/\/leschaletsdujolimont.com\/index.php\/wp-json\/wp\/v2\/pages"}],"about":[{"href":"https:\/\/leschaletsdujolimont.com\/index.php\/wp-json\/wp\/v2\/types\/page"}],"author":[{"embeddable":true,"href":"https:\/\/leschaletsdujolimont.com\/index.php\/wp-json\/wp\/v2\/users\/1"}],"replies":[{"embeddable":true,"href":"https:\/\/leschaletsdujolimont.com\/index.php\/wp-json\/wp\/v2\/comments?post=506"}],"version-history":[{"count":1,"href":"https:\/\/leschaletsdujolimont.com\/index.php\/wp-json\/wp\/v2\/pages\/506\/revisions"}],"predecessor-version":[{"id":507,"href":"https:\/\/leschaletsdujolimont.com\/index.php\/wp-json\/wp\/v2\/pages\/506\/revisions\/507"}],"wp:attachment":[{"href":"https:\/\/leschaletsdujolimont.com\/index.php\/wp-json\/wp\/v2\/media?parent=506"}],"curies":[{"name":"wp","href":"https:\/\/api.w.org\/{rel}","templated":true}]}}